{"id":10446,"date":"2024-10-24T12:54:44","date_gmt":"2024-10-24T12:54:44","guid":{"rendered":"https:\/\/www.toft-marmorwelt.de\/fliser\/"},"modified":"2024-11-11T19:31:00","modified_gmt":"2024-11-11T19:31:00","slug":"fliser","status":"publish","type":"page","link":"https:\/\/www.toft-marmorwelt.de\/da\/fliser\/","title":{"rendered":"Fliser"},"content":{"rendered":"\t\t<div data-elementor-type=\"wp-page\" data-elementor-id=\"10446\" class=\"elementor elementor-10446 elementor-9273\" data-elementor-post-type=\"page\">\n\t\t\t\t<div class=\"elementor-element elementor-element-737035e e-flex e-con-boxed e-con e-parent\" data-id=\"737035e\" data-element_type=\"container\" data-e-type=\"container\" data-settings=\"{&quot;background_background&quot;:&quot;classic&quot;}\">\n\t\t\t\t\t<div class=\"e-con-inner\">\n\t\t<div class=\"elementor-element elementor-element-9d153f8 e-con-full e-flex e-con e-child\" data-id=\"9d153f8\" data-element_type=\"container\" data-e-type=\"container\" data-settings=\"{&quot;background_background&quot;:&quot;classic&quot;}\">\n\t\t\t\t<div class=\"elementor-element elementor-element-8340742 elementor-widget elementor-widget-ld_breadcrumb\" data-id=\"8340742\" data-element_type=\"widget\" data-e-type=\"widget\" data-widget_type=\"ld_breadcrumb.default\">\n\t\t\t\t<div class=\"elementor-widget-container\">\n\t\t\t\t\t<div class=\"lqd-breadcrumb-wrapper\"><nav role=\"navigation\" aria-label=\"Breadcrumbs\" class=\"breadcrumbs\"><ol class=\"breadcrumb reset-ul inline-nav inline-ul comma-sep-li\"><li class=\"breadcrumb-item active\"><a href=\"https:\/\/www.toft-marmorwelt.de\/da\/\" rel=\"home\"><span>Home<\/span><\/a><\/li><\/ol><\/nav><\/div>\t\t\t\t<\/div>\n\t\t\t\t<\/div>\n\t\t\t\t<div class=\"elementor-element elementor-element-fe0f030 elementor-widget elementor-widget-heading\" data-id=\"fe0f030\" data-element_type=\"widget\" data-e-type=\"widget\" data-widget_type=\"heading.default\">\n\t\t\t\t<div class=\"elementor-widget-container\">\n\t\t\t\t\t<h1 class=\"elementor-heading-title elementor-size-default\">Fliser<\/h1>\t\t\t\t<\/div>\n\t\t\t\t<\/div>\n\t\t\t\t<\/div>\n\t\t\t\t\t<\/div>\n\t\t\t\t<\/div>\n\t\t<div class=\"elementor-element elementor-element-5061b47 e-flex e-con-boxed e-con e-parent\" data-id=\"5061b47\" data-element_type=\"container\" data-e-type=\"container\">\n\t\t\t\t\t<div class=\"e-con-inner\">\n\t\t<div class=\"elementor-element elementor-element-3c9e082 e-con-full e-flex e-con e-child\" data-id=\"3c9e082\" data-element_type=\"container\" data-e-type=\"container\">\n\t\t\t\t<div class=\"elementor-element elementor-element-e242ecd elementor-widget elementor-widget-ld_content_box\" data-id=\"e242ecd\" data-element_type=\"widget\" data-e-type=\"widget\" data-widget_type=\"ld_content_box.default\">\n\t\t\t\t<div class=\"elementor-widget-container\">\n\t\t\t\t\t\n\t\t<div class=\"lqd-fb pos-rel lqd-fb-style-1 lqd-fb-style-1-1 lqd-fb-content-overlay lqd-fb-zoom-img-onhover border-radius-4 overflow-hidden h-custom\" data-inview=\"true\">\n\t\t\n\t\t\t<div class=\"lqd-fb-inner lqd-overlay\" data-slideelement-onhover=\"true\" data-slideelement-options='{ \"visibleElement\": \"h6, h2\", \"hiddenElement\": \".lqd-fb-txt\", \"disableOnMobile\": true }'>\n\n\t\t\t\t<div class=\"overflow-hidden lqd-fb-img lqd-overlay\">\n\n\t\t\t\t\t<figure class=\"w-100 h-100\">\n\t\t\t\t\t\t<img decoding=\"async\" class=\"w-100 h-100 objfit-cover objfit-center\" src=\"http:\/\/www.toft-marmorwelt.de\/wp-content\/uploads\/2024\/10\/terrasse_toft_fliesen.jpg\" alt=\"\">\t\t\t\t\t<\/figure>\n\n\t\t\t\t<\/div>\n\n\t\t\t\t<div class=\"lqd-fb-content lqd-overlay d-flex align-items-end\">\n\t\t\t\t\t<div class=\"lqd-fb-bg lqd-overlay\"><\/div>\n\t\t\t\t\t<div\n\t\t\t\t\tclass=\"lqd-fb-content-inner pos-rel w-100\"\n\t\t\t\t\tdata-custom-animations=\"true\"\n\t\t\t\t\tdata-ca-options='{ \"triggerHandler\": \"inview\", \"animationTarget\": \"h6, h2, .lqd-fb-txt\", \"duration\": 1200, \"delay\": 120,  \"startDelay\": 250, \"initValues\": { \"y\": 30, \"opacity\": 0 }, \"animations\": { \"y\": 0, \"opacity\": 1 } }'>\n\n\t\t\t\t\t\t\n\t\t\t\t\t\t<h2 class=\"mt-0 mb-0 lqd-fb__title \">Terrasse<\/h2>\n\t\t\t\t\t\t\t\t\t\t\t\t\t<div class=\"lqd-fb-txt\">\n\t\t\t\t\t\t\t\n\t\t\t<a\n\t\t\t\thref=\"\/da\/fliser\/terrasse\/\"class=\"elementor-button btn btn-solid btn-icon-shaped btn-has-label\"\t\t\t>\n\t\t\t\t\t\t\t\t\t<span data-text=\"Mere\" class=\"btn-txt\">\n\t\t\t\t\t\tMere\t\t\t\t\t<\/span>\n\t\t\t\t\t\t\t\t\t\t\t<\/a>\n\t\t\t\t\t\t\t\t\t\t<\/div>\n\t\t\t\t\t\t\n\t\t\t\t\t\t\n\t\t\t\t\t<\/div>\n\t\t\t\t<\/div>\n\n\t\t\t<\/div>\n\n\t\t\t\t\t<\/div>\n\t\t\t\t\t\t<\/div>\n\t\t\t\t<\/div>\n\t\t\t\t<\/div>\n\t\t<div class=\"elementor-element elementor-element-5030407 e-con-full e-flex e-con e-child\" data-id=\"5030407\" data-element_type=\"container\" data-e-type=\"container\">\n\t\t\t\t<div class=\"elementor-element elementor-element-6d4a71d elementor-widget elementor-widget-ld_content_box\" data-id=\"6d4a71d\" data-element_type=\"widget\" data-e-type=\"widget\" data-widget_type=\"ld_content_box.default\">\n\t\t\t\t<div class=\"elementor-widget-container\">\n\t\t\t\t\t\n\t\t<div class=\"lqd-fb pos-rel lqd-fb-style-1 lqd-fb-style-1-1 lqd-fb-content-overlay lqd-fb-zoom-img-onhover border-radius-4 overflow-hidden h-custom\" data-inview=\"true\">\n\t\t\n\t\t\t<div class=\"lqd-fb-inner lqd-overlay\" data-slideelement-onhover=\"true\" data-slideelement-options='{ \"visibleElement\": \"h6, h2\", \"hiddenElement\": \".lqd-fb-txt\", \"disableOnMobile\": true }'>\n\n\t\t\t\t<div class=\"overflow-hidden lqd-fb-img lqd-overlay\">\n\n\t\t\t\t\t<figure class=\"w-100 h-100\">\n\t\t\t\t\t\t<img decoding=\"async\" class=\"w-100 h-100 objfit-cover objfit-center\" src=\"http:\/\/www.toft-marmorwelt.de\/wp-content\/uploads\/2024\/10\/terrazzo_toft_fliesen.jpg\" alt=\"\">\t\t\t\t\t<\/figure>\n\n\t\t\t\t<\/div>\n\n\t\t\t\t<div class=\"lqd-fb-content lqd-overlay d-flex align-items-end\">\n\t\t\t\t\t<div class=\"lqd-fb-bg lqd-overlay\"><\/div>\n\t\t\t\t\t<div\n\t\t\t\t\tclass=\"lqd-fb-content-inner pos-rel w-100\"\n\t\t\t\t\tdata-custom-animations=\"true\"\n\t\t\t\t\tdata-ca-options='{ \"triggerHandler\": \"inview\", \"animationTarget\": \"h6, h2, .lqd-fb-txt\", \"duration\": 1200, \"delay\": 120,  \"startDelay\": 250, \"initValues\": { \"y\": 30, \"opacity\": 0 }, \"animations\": { \"y\": 0, \"opacity\": 1 } }'>\n\n\t\t\t\t\t\t\n\t\t\t\t\t\t<h2 class=\"mt-0 mb-0 lqd-fb__title \">Terrazzo<\/h2>\n\t\t\t\t\t\t\t\t\t\t\t\t\t<div class=\"lqd-fb-txt\">\n\t\t\t\t\t\t\t\n\t\t\t<a\n\t\t\t\thref=\"\/da\/fliser\/terrazzo\/\"class=\"elementor-button btn btn-solid btn-icon-shaped btn-has-label\"\t\t\t>\n\t\t\t\t\t\t\t\t\t<span data-text=\"Mere\" class=\"btn-txt\">\n\t\t\t\t\t\tMere\t\t\t\t\t<\/span>\n\t\t\t\t\t\t\t\t\t\t\t<\/a>\n\t\t\t\t\t\t\t\t\t\t<\/div>\n\t\t\t\t\t\t\n\t\t\t\t\t\t\n\t\t\t\t\t<\/div>\n\t\t\t\t<\/div>\n\n\t\t\t<\/div>\n\n\t\t\t\t\t<\/div>\n\t\t\t\t\t\t<\/div>\n\t\t\t\t<\/div>\n\t\t\t\t<\/div>\n\t\t<div class=\"elementor-element elementor-element-0a6250c e-con-full e-flex e-con e-child\" data-id=\"0a6250c\" data-element_type=\"container\" data-e-type=\"container\">\n\t\t\t\t<div class=\"elementor-element elementor-element-11e285b elementor-widget elementor-widget-ld_content_box\" data-id=\"11e285b\" data-element_type=\"widget\" data-e-type=\"widget\" data-widget_type=\"ld_content_box.default\">\n\t\t\t\t<div class=\"elementor-widget-container\">\n\t\t\t\t\t\n\t\t<div class=\"lqd-fb pos-rel lqd-fb-style-1 lqd-fb-style-1-1 lqd-fb-content-overlay lqd-fb-zoom-img-onhover border-radius-4 overflow-hidden h-custom\" data-inview=\"true\">\n\t\t\n\t\t\t<div class=\"lqd-fb-inner lqd-overlay\" data-slideelement-onhover=\"true\" data-slideelement-options='{ \"visibleElement\": \"h6, h2\", \"hiddenElement\": \".lqd-fb-txt\", \"disableOnMobile\": true }'>\n\n\t\t\t\t<div class=\"overflow-hidden lqd-fb-img lqd-overlay\">\n\n\t\t\t\t\t<figure class=\"w-100 h-100\">\n\t\t\t\t\t\t<img decoding=\"async\" class=\"w-100 h-100 objfit-cover objfit-center\" src=\"http:\/\/www.toft-marmorwelt.de\/wp-content\/uploads\/2024\/10\/marmor_toft_fliesen.jpg\" alt=\"\">\t\t\t\t\t<\/figure>\n\n\t\t\t\t<\/div>\n\n\t\t\t\t<div class=\"lqd-fb-content lqd-overlay d-flex align-items-end\">\n\t\t\t\t\t<div class=\"lqd-fb-bg lqd-overlay\"><\/div>\n\t\t\t\t\t<div\n\t\t\t\t\tclass=\"lqd-fb-content-inner pos-rel w-100\"\n\t\t\t\t\tdata-custom-animations=\"true\"\n\t\t\t\t\tdata-ca-options='{ \"triggerHandler\": \"inview\", \"animationTarget\": \"h6, h2, .lqd-fb-txt\", \"duration\": 1200, \"delay\": 120,  \"startDelay\": 250, \"initValues\": { \"y\": 30, \"opacity\": 0 }, \"animations\": { \"y\": 0, \"opacity\": 1 } }'>\n\n\t\t\t\t\t\t\n\t\t\t\t\t\t<h2 class=\"mt-0 mb-0 lqd-fb__title \">Marmor<\/h2>\n\t\t\t\t\t\t\t\t\t\t\t\t\t<div class=\"lqd-fb-txt\">\n\t\t\t\t\t\t\t\n\t\t\t<a\n\t\t\t\thref=\"\/da\/fliser\/marmorfliser\/\"class=\"elementor-button btn btn-solid btn-icon-shaped btn-has-label\"\t\t\t>\n\t\t\t\t\t\t\t\t\t<span data-text=\"Mere\" class=\"btn-txt\">\n\t\t\t\t\t\tMere\t\t\t\t\t<\/span>\n\t\t\t\t\t\t\t\t\t\t\t<\/a>\n\t\t\t\t\t\t\t\t\t\t<\/div>\n\t\t\t\t\t\t\n\t\t\t\t\t\t\n\t\t\t\t\t<\/div>\n\t\t\t\t<\/div>\n\n\t\t\t<\/div>\n\n\t\t\t\t\t<\/div>\n\t\t\t\t\t\t<\/div>\n\t\t\t\t<\/div>\n\t\t\t\t<\/div>\n\t\t<div class=\"elementor-element elementor-element-283cf4e e-con-full e-flex e-con e-child\" data-id=\"283cf4e\" data-element_type=\"container\" data-e-type=\"container\">\n\t\t\t\t<div class=\"elementor-element elementor-element-9f15c58 elementor-widget elementor-widget-ld_content_box\" data-id=\"9f15c58\" data-element_type=\"widget\" data-e-type=\"widget\" data-widget_type=\"ld_content_box.default\">\n\t\t\t\t<div class=\"elementor-widget-container\">\n\t\t\t\t\t\n\t\t<div class=\"lqd-fb pos-rel lqd-fb-style-1 lqd-fb-style-1-1 lqd-fb-content-overlay lqd-fb-zoom-img-onhover border-radius-4 overflow-hidden h-custom\" data-inview=\"true\">\n\t\t\n\t\t\t<div class=\"lqd-fb-inner lqd-overlay\" data-slideelement-onhover=\"true\" data-slideelement-options='{ \"visibleElement\": \"h6, h2\", \"hiddenElement\": \".lqd-fb-txt\", \"disableOnMobile\": true }'>\n\n\t\t\t\t<div class=\"overflow-hidden lqd-fb-img lqd-overlay\">\n\n\t\t\t\t\t<figure class=\"w-100 h-100\">\n\t\t\t\t\t\t<img decoding=\"async\" class=\"w-100 h-100 objfit-cover objfit-center\" src=\"http:\/\/www.toft-marmorwelt.de\/wp-content\/uploads\/2024\/10\/granit_fliesen_toft.jpg\" alt=\"\">\t\t\t\t\t<\/figure>\n\n\t\t\t\t<\/div>\n\n\t\t\t\t<div class=\"lqd-fb-content lqd-overlay d-flex align-items-end\">\n\t\t\t\t\t<div class=\"lqd-fb-bg lqd-overlay\"><\/div>\n\t\t\t\t\t<div\n\t\t\t\t\tclass=\"lqd-fb-content-inner pos-rel w-100\"\n\t\t\t\t\tdata-custom-animations=\"true\"\n\t\t\t\t\tdata-ca-options='{ \"triggerHandler\": \"inview\", \"animationTarget\": \"h6, h2, .lqd-fb-txt\", \"duration\": 1200, \"delay\": 120,  \"startDelay\": 250, \"initValues\": { \"y\": 30, \"opacity\": 0 }, \"animations\": { \"y\": 0, \"opacity\": 1 } }'>\n\n\t\t\t\t\t\t\n\t\t\t\t\t\t<h2 class=\"mt-0 mb-0 lqd-fb__title \">Granit<\/h2>\n\t\t\t\t\t\t\t\t\t\t\t\t\t<div class=\"lqd-fb-txt\">\n\t\t\t\t\t\t\t\n\t\t\t<a\n\t\t\t\thref=\"\/da\/fliser\/granitfliser\/\"class=\"elementor-button btn btn-solid btn-icon-shaped btn-has-label\"\t\t\t>\n\t\t\t\t\t\t\t\t\t<span data-text=\"Mere\" class=\"btn-txt\">\n\t\t\t\t\t\tMere\t\t\t\t\t<\/span>\n\t\t\t\t\t\t\t\t\t\t\t<\/a>\n\t\t\t\t\t\t\t\t\t\t<\/div>\n\t\t\t\t\t\t\n\t\t\t\t\t\t\n\t\t\t\t\t<\/div>\n\t\t\t\t<\/div>\n\n\t\t\t<\/div>\n\n\t\t\t\t\t<\/div>\n\t\t\t\t\t\t<\/div>\n\t\t\t\t<\/div>\n\t\t\t\t<\/div>\n\t\t<div class=\"elementor-element elementor-element-ba69cf3 e-con-full e-flex e-con e-child\" data-id=\"ba69cf3\" data-element_type=\"container\" data-e-type=\"container\">\n\t\t\t\t<div class=\"elementor-element elementor-element-f1db5b4 elementor-widget elementor-widget-ld_content_box\" data-id=\"f1db5b4\" data-element_type=\"widget\" data-e-type=\"widget\" data-widget_type=\"ld_content_box.default\">\n\t\t\t\t<div class=\"elementor-widget-container\">\n\t\t\t\t\t\n\t\t<div class=\"lqd-fb pos-rel lqd-fb-style-1 lqd-fb-style-1-1 lqd-fb-content-overlay lqd-fb-zoom-img-onhover border-radius-4 overflow-hidden h-custom\" data-inview=\"true\">\n\t\t\n\t\t\t<div class=\"lqd-fb-inner lqd-overlay\" data-slideelement-onhover=\"true\" data-slideelement-options='{ \"visibleElement\": \"h6, h2\", \"hiddenElement\": \".lqd-fb-txt\", \"disableOnMobile\": true }'>\n\n\t\t\t\t<div class=\"overflow-hidden lqd-fb-img lqd-overlay\">\n\n\t\t\t\t\t<figure class=\"w-100 h-100\">\n\t\t\t\t\t\t<img decoding=\"async\" class=\"w-100 h-100 objfit-cover objfit-center\" src=\"http:\/\/www.toft-marmorwelt.de\/wp-content\/uploads\/2024\/10\/neolith_xxl_toft_fliesen.jpg\" alt=\"\">\t\t\t\t\t<\/figure>\n\n\t\t\t\t<\/div>\n\n\t\t\t\t<div class=\"lqd-fb-content lqd-overlay d-flex align-items-end\">\n\t\t\t\t\t<div class=\"lqd-fb-bg lqd-overlay\"><\/div>\n\t\t\t\t\t<div\n\t\t\t\t\tclass=\"lqd-fb-content-inner pos-rel w-100\"\n\t\t\t\t\tdata-custom-animations=\"true\"\n\t\t\t\t\tdata-ca-options='{ \"triggerHandler\": \"inview\", \"animationTarget\": \"h6, h2, .lqd-fb-txt\", \"duration\": 1200, \"delay\": 120,  \"startDelay\": 250, \"initValues\": { \"y\": 30, \"opacity\": 0 }, \"animations\": { \"y\": 0, \"opacity\": 1 } }'>\n\n\t\t\t\t\t\t\n\t\t\t\t\t\t<h2 class=\"mt-0 mb-0 lqd-fb__title \">Neolith XXL keramik<\/h2>\n\t\t\t\t\t\t\t\t\t\t\t\t\t<div class=\"lqd-fb-txt\">\n\t\t\t\t\t\t\t\n\t\t\t<a\n\t\t\t\thref=\"\/da\/fliser\/neolith-xxl-keramik\/\"class=\"elementor-button btn btn-solid btn-icon-shaped btn-has-label\"\t\t\t>\n\t\t\t\t\t\t\t\t\t<span data-text=\"Mere\" class=\"btn-txt\">\n\t\t\t\t\t\tMere\t\t\t\t\t<\/span>\n\t\t\t\t\t\t\t\t\t\t\t<\/a>\n\t\t\t\t\t\t\t\t\t\t<\/div>\n\t\t\t\t\t\t\n\t\t\t\t\t\t\n\t\t\t\t\t<\/div>\n\t\t\t\t<\/div>\n\n\t\t\t<\/div>\n\n\t\t\t\t\t<\/div>\n\t\t\t\t\t\t<\/div>\n\t\t\t\t<\/div>\n\t\t\t\t<\/div>\n\t\t<div class=\"elementor-element elementor-element-b8854c5 e-con-full e-flex e-con e-child\" data-id=\"b8854c5\" data-element_type=\"container\" data-e-type=\"container\">\n\t\t\t\t<div class=\"elementor-element elementor-element-5308545 elementor-widget elementor-widget-ld_content_box\" data-id=\"5308545\" data-element_type=\"widget\" data-e-type=\"widget\" data-widget_type=\"ld_content_box.default\">\n\t\t\t\t<div class=\"elementor-widget-container\">\n\t\t\t\t\t\n\t\t<div class=\"lqd-fb pos-rel lqd-fb-style-1 lqd-fb-style-1-1 lqd-fb-content-overlay lqd-fb-zoom-img-onhover border-radius-4 overflow-hidden h-custom\" data-inview=\"true\">\n\t\t\n\t\t\t<div class=\"lqd-fb-inner lqd-overlay\" data-slideelement-onhover=\"true\" data-slideelement-options='{ \"visibleElement\": \"h6, h2\", \"hiddenElement\": \".lqd-fb-txt\", \"disableOnMobile\": true }'>\n\n\t\t\t\t<div class=\"overflow-hidden lqd-fb-img lqd-overlay\">\n\n\t\t\t\t\t<figure class=\"w-100 h-100\">\n\t\t\t\t\t\t<img decoding=\"async\" class=\"w-100 h-100 objfit-cover objfit-center\" src=\"http:\/\/www.toft-marmorwelt.de\/wp-content\/uploads\/2024\/10\/neolith_cube_toft_fliesen.jpg\" alt=\"\">\t\t\t\t\t<\/figure>\n\n\t\t\t\t<\/div>\n\n\t\t\t\t<div class=\"lqd-fb-content lqd-overlay d-flex align-items-end\">\n\t\t\t\t\t<div class=\"lqd-fb-bg lqd-overlay\"><\/div>\n\t\t\t\t\t<div\n\t\t\t\t\tclass=\"lqd-fb-content-inner pos-rel w-100\"\n\t\t\t\t\tdata-custom-animations=\"true\"\n\t\t\t\t\tdata-ca-options='{ \"triggerHandler\": \"inview\", \"animationTarget\": \"h6, h2, .lqd-fb-txt\", \"duration\": 1200, \"delay\": 120,  \"startDelay\": 250, \"initValues\": { \"y\": 30, \"opacity\": 0 }, \"animations\": { \"y\": 0, \"opacity\": 1 } }'>\n\n\t\t\t\t\t\t\n\t\t\t\t\t\t<h2 class=\"mt-0 mb-0 lqd-fb__title \">Neolith Neocube<\/h2>\n\t\t\t\t\t\t\t\t\t\t\t\t\t<div class=\"lqd-fb-txt\">\n\t\t\t\t\t\t\t\n\t\t\t<a\n\t\t\t\thref=\"\/da\/fliser\/neolith-neocube\/\"class=\"elementor-button btn btn-solid btn-icon-shaped btn-has-label\"\t\t\t>\n\t\t\t\t\t\t\t\t\t<span data-text=\"Mere\" class=\"btn-txt\">\n\t\t\t\t\t\tMere\t\t\t\t\t<\/span>\n\t\t\t\t\t\t\t\t\t\t\t<\/a>\n\t\t\t\t\t\t\t\t\t\t<\/div>\n\t\t\t\t\t\t\n\t\t\t\t\t\t\n\t\t\t\t\t<\/div>\n\t\t\t\t<\/div>\n\n\t\t\t<\/div>\n\n\t\t\t\t\t<\/div>\n\t\t\t\t\t\t<\/div>\n\t\t\t\t<\/div>\n\t\t\t\t<\/div>\n\t\t\t\t\t<\/div>\n\t\t\t\t<\/div>\n\t\t<div class=\"elementor-element elementor-element-69f6561 e-flex e-con-boxed e-con e-parent\" data-id=\"69f6561\" data-element_type=\"container\" data-e-type=\"container\" data-settings=\"{&quot;background_background&quot;:&quot;classic&quot;}\">\n\t\t\t\t\t<div class=\"e-con-inner\">\n\t\t<div class=\"elementor-element elementor-element-def12e2 e-con-full e-flex e-con e-child\" data-id=\"def12e2\" data-element_type=\"container\" data-e-type=\"container\">\n\t\t\t\t<div class=\"elementor-element elementor-element-f435192 elementor-widget elementor-widget-hub_fancy_heading\" data-id=\"f435192\" data-element_type=\"widget\" data-e-type=\"widget\" data-widget_type=\"hub_fancy_heading.default\">\n\t\t\t\t<div class=\"elementor-widget-container\">\n\t\t\t\t\t\n\t\t<div id=\"ld-fancy-heading-69df1efb82292\" class=\"ld-fancy-heading pos-rel\">\n\t\t\t<h2 class=\"ld-fh-element d-inline-block pos-rel  elementor-heading-title lqd-highlight-classic lqd-highlight-grow-left h2\"  > Fliser til alle rum: oplev vores store udvalg af fliser til k\u00f8kkener, badev\u00e6relser og meget mere<\/h2>\t\t<\/div>\n\n\t\t\t\t\t\t<\/div>\n\t\t\t\t<\/div>\n\t\t\t\t<div class=\"elementor-element elementor-element-47a2b52 elementor-widget elementor-widget-text-editor\" data-id=\"47a2b52\" data-element_type=\"widget\" data-e-type=\"widget\" data-widget_type=\"text-editor.default\">\n\t\t\t\t<div class=\"elementor-widget-container\">\n\t\t\t\t\t\t\t\t\t<p>I vores rummelige fliseudstilling n\u00e6r Flensborg, Slesvig og Kappeln finder du et bredt udvalg af fliser til v\u00e6gge og gulve. Uanset om det er moderne design eller antikke stilarter, tilbyder vi den rigtige flise til enhver smag og ethvert budget. Vores kvalitetsm\u00e6rker som Gazzini, Equipe, Casalgrande Padana, Saime og Faro st\u00e5r for kvalitet og holdbarhed. Bes\u00f8g os og bliv inspireret af vores omfattende flisekollektion!     <span style=\"color: var( --e-global-color-text ); font-family: var( --e-global-typography-text-font-family ), Sans-serif; font-size: var( --e-global-typography-text-font-size ); font-weight: var( --e-global-typography-text-font-weight ); letter-spacing: var( --e-global-typography-text-letter-spacing );\">Vi leverer vores fliser og natursten p\u00e5 foresp\u00f8rgsel i omr\u00e5derne Flensborg, Slesvig, Kappeln, Husum, Nieb\u00fcll, Sylt og F\u00f6hr. Lav bare en foresp\u00f8rgsel! Du er velkommen til at kontakte os for brochurer, pr\u00f8ver eller sp\u00f8rgsm\u00e5l!  <\/span><\/p>\n\t\t\t\t\t\t\t\t<\/div>\n\t\t\t\t<\/div>\n\t\t<div class=\"elementor-element elementor-element-a3d2f26 e-con-full e-flex e-con e-child\" data-id=\"a3d2f26\" data-element_type=\"container\" data-e-type=\"container\">\n\t\t\t\t<div class=\"elementor-element elementor-element-9211d81 elementor-widget elementor-widget-ld_button\" data-id=\"9211d81\" data-element_type=\"widget\" data-e-type=\"widget\" data-widget_type=\"ld_button.default\">\n\t\t\t\t<div class=\"elementor-widget-container\">\n\t\t\t\t\t\n\t\t\t<a\n\t\t\t\thref=\"\/da\/kontakt-os\/\"class=\"elementor-button btn btn-solid btn-icon-right btn-hover-reveal btn-has-label\"\t\t\t>\n\t\t\t\t\t\t\t\t\t<span data-text=\"Kontakt os\" class=\"btn-txt\">\n\t\t\t\t\t\tKontakt os\t\t\t\t\t<\/span>\n\t\t\t\t\t\t\t\t\t\t\t\t\t\t<span class=\"btn-icon\">\n\t\t\t\t\t\t\t<i aria-hidden=\"true\" class=\"lqd-icn-ess icon-md-arrow-round-forward\"><\/i>\t\t\t\t\t\t<\/span>\n\t\t\t\t\t\t\t\t\t<\/a>\n\t\t\t\t\t\t\t<\/div>\n\t\t\t\t<\/div>\n\t\t\t\t<\/div>\n\t\t\t\t<\/div>\n\t\t\t\t\t<\/div>\n\t\t\t\t<\/div>\n\t\t\t\t<\/div>\n\t\t","protected":false},"excerpt":{"rendered":"<p>Home Fliser Terrasse Mere Terrazzo Mere Marmor Mere Granit Mere Neolith XXL keramik Mere Neolith Neocube Mere Fliser til alle rum: oplev vores store udvalg af fliser til k\u00f8kkener, badev\u00e6relser og meget mere I vores rummelige fliseudstilling n\u00e6r Flensborg, Slesvig og Kappeln finder du et bredt udvalg af fliser til v\u00e6gge og gulve. Uanset om [&hellip;]<\/p>\n","protected":false},"author":1,"featured_media":0,"parent":0,"menu_order":0,"comment_status":"closed","ping_status":"closed","template":"","meta":{"footnotes":""},"class_list":["post-10446","page","type-page","status-publish","hentry"],"_links":{"self":[{"href":"https:\/\/www.toft-marmorwelt.de\/da\/wp-json\/wp\/v2\/pages\/10446","targetHints":{"allow":["GET"]}}],"collection":[{"href":"https:\/\/www.toft-marmorwelt.de\/da\/wp-json\/wp\/v2\/pages"}],"about":[{"href":"https:\/\/www.toft-marmorwelt.de\/da\/wp-json\/wp\/v2\/types\/page"}],"author":[{"embeddable":true,"href":"https:\/\/www.toft-marmorwelt.de\/da\/wp-json\/wp\/v2\/users\/1"}],"replies":[{"embeddable":true,"href":"https:\/\/www.toft-marmorwelt.de\/da\/wp-json\/wp\/v2\/comments?post=10446"}],"version-history":[{"count":7,"href":"https:\/\/www.toft-marmorwelt.de\/da\/wp-json\/wp\/v2\/pages\/10446\/revisions"}],"predecessor-version":[{"id":10693,"href":"https:\/\/www.toft-marmorwelt.de\/da\/wp-json\/wp\/v2\/pages\/10446\/revisions\/10693"}],"wp:attachment":[{"href":"https:\/\/www.toft-marmorwelt.de\/da\/wp-json\/wp\/v2\/media?parent=10446"}],"curies":[{"name":"wp","href":"https:\/\/api.w.org\/{rel}","templated":true}]}}