{"id":10462,"date":"2024-10-23T13:06:59","date_gmt":"2024-10-23T13:06:59","guid":{"rendered":"https:\/\/www.toft-marmorwelt.de\/beskaer-og-forstoer\/"},"modified":"2024-11-11T19:23:05","modified_gmt":"2024-11-11T19:23:05","slug":"beskaer-og-forstoer","status":"publish","type":"page","link":"https:\/\/www.toft-marmorwelt.de\/da\/serviceydelser\/beskaer-og-forstoer\/","title":{"rendered":"Besk\u00e6r og forst\u00f8r"},"content":{"rendered":"\t\t<div data-elementor-type=\"wp-page\" data-elementor-id=\"10462\" class=\"elementor elementor-10462 elementor-9077\" data-elementor-post-type=\"page\">\n\t\t\t\t<div class=\"elementor-element elementor-element-737035e e-flex e-con-boxed e-con e-parent\" data-id=\"737035e\" data-element_type=\"container\" data-e-type=\"container\" data-settings=\"{&quot;background_background&quot;:&quot;classic&quot;}\">\n\t\t\t\t\t<div class=\"e-con-inner\">\n\t\t<div class=\"elementor-element elementor-element-9d153f8 e-con-full e-flex e-con e-child\" data-id=\"9d153f8\" data-element_type=\"container\" data-e-type=\"container\" data-settings=\"{&quot;background_background&quot;:&quot;classic&quot;}\">\n\t\t\t\t<div class=\"elementor-element elementor-element-8340742 elementor-widget elementor-widget-ld_breadcrumb\" data-id=\"8340742\" data-element_type=\"widget\" data-e-type=\"widget\" data-widget_type=\"ld_breadcrumb.default\">\n\t\t\t\t<div class=\"elementor-widget-container\">\n\t\t\t\t\t<div class=\"lqd-breadcrumb-wrapper\"><nav role=\"navigation\" aria-label=\"Breadcrumbs\" class=\"breadcrumbs\"><ol class=\"breadcrumb reset-ul inline-nav inline-ul comma-sep-li\"><li class=\"breadcrumb-item active\"><a href=\"https:\/\/www.toft-marmorwelt.de\/da\/\" rel=\"home\"><span>Home<\/span><\/a><\/li><\/ol><\/nav><\/div>\t\t\t\t<\/div>\n\t\t\t\t<\/div>\n\t\t\t\t<div class=\"elementor-element elementor-element-fe0f030 elementor-widget elementor-widget-heading\" data-id=\"fe0f030\" data-element_type=\"widget\" data-e-type=\"widget\" data-widget_type=\"heading.default\">\n\t\t\t\t<div class=\"elementor-widget-container\">\n\t\t\t\t\t<h1 class=\"elementor-heading-title elementor-size-default\">Besk\u00e6r og forst\u00f8r<\/h1>\t\t\t\t<\/div>\n\t\t\t\t<\/div>\n\t\t\t\t<\/div>\n\t\t\t\t\t<\/div>\n\t\t\t\t<\/div>\n\t\t<div class=\"elementor-element elementor-element-82cdb82 e-flex e-con-boxed e-con e-parent\" data-id=\"82cdb82\" data-element_type=\"container\" data-e-type=\"container\" data-settings=\"{&quot;background_background&quot;:&quot;classic&quot;}\">\n\t\t\t\t\t<div class=\"e-con-inner\">\n\t\t<div class=\"elementor-element elementor-element-a2b1e72 e-con-full e-flex e-con e-child\" data-id=\"a2b1e72\" data-element_type=\"container\" data-e-type=\"container\">\n\t\t\t\t<div class=\"elementor-element elementor-element-f435192 elementor-widget elementor-widget-hub_fancy_heading\" data-id=\"f435192\" data-element_type=\"widget\" data-e-type=\"widget\" data-widget_type=\"hub_fancy_heading.default\">\n\t\t\t\t<div class=\"elementor-widget-container\">\n\t\t\t\t\t\n\t\t<div id=\"ld-fancy-heading-69df3383c2ca4\" class=\"ld-fancy-heading pos-rel\">\n\t\t\t<h2 class=\"ld-fh-element d-inline-block pos-rel  elementor-heading-title lqd-highlight-classic lqd-highlight-grow-left h2\"  > Forst\u00f8rre udsk\u00e6ringer og sk\u00e6re paneler til<\/h2>\t\t<\/div>\n\n\t\t\t\t\t\t<\/div>\n\t\t\t\t<\/div>\n\t\t\t\t<div class=\"elementor-element elementor-element-47a2b52 elementor-widget elementor-widget-text-editor\" data-id=\"47a2b52\" data-element_type=\"widget\" data-e-type=\"widget\" data-widget_type=\"text-editor.default\">\n\t\t\t\t<div class=\"elementor-widget-container\">\n\t\t\t\t\t\t\t\t\t<p>Med den nyeste CNC-teknologi og den n\u00f8dvendige ekspertise kan vi sk\u00e6re dine fliser, fodpaneler eller bordplader p\u00e5 m\u00e5l. Kantsten, gr\u00e6spl\u00e6nekanter og bel\u00e6gningssten er ogs\u00e5 muligt.<\/p>\n\t\t\t\t\t\t\t\t<\/div>\n\t\t\t\t<\/div>\n\t\t\t\t<div class=\"elementor-element elementor-element-906b61e elementor-widget elementor-widget-ld_accordion\" data-id=\"906b61e\" data-element_type=\"widget\" data-e-type=\"widget\" data-widget_type=\"ld_accordion.default\">\n\t\t\t\t<div class=\"elementor-widget-container\">\n\t\t\t\t\t\n\t\t<div class=\"accordion accordion-sm\" id=\"accordion-69df3383cb7cc\" role=\"tablist\" aria-multiselectable=\"true\">\n\t\t\t\t\t\t\t\t\t\t\t\t<div class=\"accordion-item panel \">\n\n\t\t\t\t<div class=\"accordion-heading\" role=\"tab\" id=\"heading-1511\">\n\t\t\t\t<h4 class=\"accordion-title  tabindex=\"-1\">\t\t\t\t\t<a class=\"collapsed\" role=\"button\" data-toggle=\"collapse\" data-bs-toggle=\"collapse\"\n                    tabindex=\"0\"\n\t\t\t\t\tdata-parent=\"#accordion-69df3383cb7cc\" data-bs-parent=\"#accordion-69df3383cb7cc\" href=\"#collapse-1511\" data-target=\"#collapse-1511\" data-bs-target=\"#collapse-1511\"\n\t\t\t\t\taria-expanded=\"false\" aria-controls=\"collapse-1511\">\n\t\t\t\t\t\t\t\t\t\t\t\t<span class=\"accordion-title-txt\">Udvidelse af sektioner<\/span>\n\t\t\t\t\t\t\t\t\t\t\t\t\t<span class=\"accordion-expander\"><i class=\"fa fa-chevron-down\"><\/i><i class=\"fa fa-chevron-up\"><\/i><\/span>\t\t\t\t\t\t\t\t\t\t\t<\/a>\n\t\t\t\t<\/h4>\t\t\t\t<\/div>\n\n\t\t\t\t<div id=\"collapse-1511\" class=\"accordion-collapse collapse \" data-bs-parent=\"#accordion-69df3383cb7cc\" role=\"tabpanel\" aria-labelledby=\"heading-1511\">\n\n\t\t\t\t<div class=\"accordion-content\">\n\t\t\t\t\tUanset om den er plan, poleret eller blot gjort st\u00f8rre, fordi en ny keramisk kogeplade eller vask skal arbejdes ind i bordpladen, er vi den rette partner for dig. De fleste udsk\u00e6ringer kan forst\u00f8rres p\u00e5 stedet! Til naturstensbordplader, keramiske bordplader og kvartskompositbordplader kan vi save udsk\u00e6ringerne om p\u00e5 stedet til en ny kogeplade eller i vores v\u00e6rksted p\u00e5 CNC-maskinen. En st\u00f8rre kogeplade installeres ofte efter en defekt i den keramiske kogeplade, og i s\u00e5 fald skal udsk\u00e6ringen sk\u00e6res om.     \t\t\t\t<\/div>\n\n\t\t\t\t<\/div>\n\n\t\t\t<\/div>\n\t\t\t\t\t\t\t\t\t<div class=\"accordion-item panel \">\n\n\t\t\t\t<div class=\"accordion-heading\" role=\"tab\" id=\"heading-1512\">\n\t\t\t\t<h4 class=\"accordion-title  tabindex=\"-1\">\t\t\t\t\t<a class=\"collapsed\" role=\"button\" data-toggle=\"collapse\" data-bs-toggle=\"collapse\"\n                    tabindex=\"0\"\n\t\t\t\t\tdata-parent=\"#accordion-69df3383cb7cc\" data-bs-parent=\"#accordion-69df3383cb7cc\" href=\"#collapse-1512\" data-target=\"#collapse-1512\" data-bs-target=\"#collapse-1512\"\n\t\t\t\t\taria-expanded=\"false\" aria-controls=\"collapse-1512\">\n\t\t\t\t\t\t\t\t\t\t\t\t<span class=\"accordion-title-txt\">Sk\u00e6ring af fodpaneler<\/span>\n\t\t\t\t\t\t\t\t\t\t\t\t\t<span class=\"accordion-expander\"><i class=\"fa fa-chevron-down\"><\/i><i class=\"fa fa-chevron-up\"><\/i><\/span>\t\t\t\t\t\t\t\t\t\t\t<\/a>\n\t\t\t\t<\/h4>\t\t\t\t<\/div>\n\n\t\t\t\t<div id=\"collapse-1512\" class=\"accordion-collapse collapse \" data-bs-parent=\"#accordion-69df3383cb7cc\" role=\"tabpanel\" aria-labelledby=\"heading-1512\">\n\n\t\t\t\t<div class=\"accordion-content\">\n\t\t\t\t\t<p>Vi sk\u00e6rer gerne fodpaneler ud af fliser (ogs\u00e5 fra andre producenter) og affaser den \u00f8verste kant!<br><b><br>Hvem monterer fodpaneler?<br><\/b>Fodlisterne kan l\u00e6gges af flisel\u00e6ggere eller af g\u00f8r-det-selv-folk - du kan p\u00e5f\u00f8re silikone eller flisekl\u00e6b p\u00e5 fodlisterne og derefter fuge dem. Vi hj\u00e6lper gerne med dette. <\/p><p><b>Hvor h\u00f8jt skal fodpaneler sk\u00e6res?<br><\/b>Vi anbefaler en h\u00f8jde p\u00e5 mellem 6-8 cm, det ser godt ud og giver god beskyttelse mod tilsmudsning af tapetet, n\u00e5r man k\u00e6mper, men vi kan sk\u00e6re alle st\u00f8rrelser fra 1 cm.<\/p><p><b>Hvilke fodpaneler til fliser?<br><\/b>Det anbefales at bruge den samme flise, som blev brugt til gulvbel\u00e6gningen, til fodpanelet.<\/p><p><b>Hvor mange fodpaneler kan jeg f\u00e5 ud af en flise?<br><\/b>Det afh\u00e6nger af h\u00f8jden p\u00e5 fodpanelet, men savklingens tykkelse p\u00e5 4 mm g\u00e5r altid tabt, n\u00e5r man sk\u00e6rer.<\/p><p><b>Fodpaneler Fliser eller tr\u00e6?<br><\/b>Det kommer helt an p\u00e5, hvilken gulvbel\u00e6gning der er valgt, vi ville altid kombinere den samme bel\u00e6gning med fodpanelet.<\/p><p><b>Hvorfor fodpaneler?<br><\/b>Fodlister er velegnede til at beskytte tapetet, f.eks. ved fejning, men ogs\u00e5 som v\u00e6gafslutning for at d\u00e6kke flisens sk\u00e6rekant og for at holde afstand til v\u00e6ggen p\u00e5 grund af trinlyd og dilatationsfuger.<\/p>\t\t\t\t<\/div>\n\n\t\t\t\t<\/div>\n\n\t\t\t<\/div>\n\t\t\t\t\t\t\t\t\t<div class=\"accordion-item panel \">\n\n\t\t\t\t<div class=\"accordion-heading\" role=\"tab\" id=\"heading-1513\">\n\t\t\t\t<h4 class=\"accordion-title  tabindex=\"-1\">\t\t\t\t\t<a class=\"collapsed\" role=\"button\" data-toggle=\"collapse\" data-bs-toggle=\"collapse\"\n                    tabindex=\"0\"\n\t\t\t\t\tdata-parent=\"#accordion-69df3383cb7cc\" data-bs-parent=\"#accordion-69df3383cb7cc\" href=\"#collapse-1513\" data-target=\"#collapse-1513\" data-bs-target=\"#collapse-1513\"\n\t\t\t\t\taria-expanded=\"false\" aria-controls=\"collapse-1513\">\n\t\t\t\t\t\t\t\t\t\t\t\t<span class=\"accordion-title-txt\">Sk\u00e6ring af fliser<\/span>\n\t\t\t\t\t\t\t\t\t\t\t\t\t<span class=\"accordion-expander\"><i class=\"fa fa-chevron-down\"><\/i><i class=\"fa fa-chevron-up\"><\/i><\/span>\t\t\t\t\t\t\t\t\t\t\t<\/a>\n\t\t\t\t<\/h4>\t\t\t\t<\/div>\n\n\t\t\t\t<div id=\"collapse-1513\" class=\"accordion-collapse collapse \" data-bs-parent=\"#accordion-69df3383cb7cc\" role=\"tabpanel\" aria-labelledby=\"heading-1513\">\n\n\t\t\t\t<div class=\"accordion-content\">\n\t\t\t\t\t<p>Problemer med at sk\u00e6re? For stor indsats med flisesk\u00e6reren? <\/p><p>Vi kan hj\u00e6lpe dig!<\/p>\t\t\t\t<\/div>\n\n\t\t\t\t<\/div>\n\n\t\t\t<\/div>\n\t\t\t\t\t\t\t\t\t\t<script type=\"application\/ld+json\">{\"@context\":\"https:\\\/\\\/schema.org\",\"@type\":\"FAQPage\",\"mainEntity\":[{\"@type\":\"Question\",\"name\":\"Udvidelse af sektioner\",\"acceptedAnswer\":{\"@type\":\"Answer\",\"text\":\"Uanset om den er plan, poleret eller blot gjort strre, fordi en ny keramisk kogeplade eller vask skal arbejdes ind i bordpladen, er vi den rette partner for dig. De fleste udskringer kan forstrres p stedet! Til naturstensbordplader, keramiske bordplader og kvartskompositbordplader kan vi save udskringerne om p stedet til en ny kogeplade eller i vores vrksted p CNC-maskinen. En strre kogeplade installeres ofte efter en defekt i den keramiske kogeplade, og i s fald skal udskringen skres om.     \"}},{\"@type\":\"Question\",\"name\":\"Sk\\u00e6ring af fodpaneler\",\"acceptedAnswer\":{\"@type\":\"Answer\",\"text\":\"Vi skrer gerne fodpaneler ud af fliser (ogs fra andre producenter) og affaser den verste kant!Hvem monterer fodpaneler?Fodlisterne kan lgges af fliselggere eller af gr-det-selv-folk - du kan pfre silikone eller fliseklb p fodlisterne og derefter fuge dem. Vi hjlper gerne med dette. Hvor hjt skal fodpaneler skres?Vi anbefaler en hjde p mellem 6-8 cm, det ser godt ud og giver god beskyttelse mod tilsmudsning af tapetet, nr man kmper, men vi kan skre alle strrelser fra 1 cm.Hvilke fodpaneler til fliser?Det anbefales at bruge den samme flise, som blev brugt til gulvbelgningen, til fodpanelet.Hvor mange fodpaneler kan jeg f ud af en flise?Det afhnger af hjden p fodpanelet, men savklingens tykkelse p 4 mm gr altid tabt, nr man skrer.Fodpaneler Fliser eller tr?Det kommer helt an p, hvilken gulvbelgning der er valgt, vi ville altid kombinere den samme belgning med fodpanelet.Hvorfor fodpaneler?Fodlister er velegnede til at beskytte tapetet, f.eks. ved fejning, men ogs som vgafslutning for at dkke flisens skrekant og for at holde afstand til vggen p grund af trinlyd og dilatationsfuger.\"}},{\"@type\":\"Question\",\"name\":\"Sk\\u00e6ring af fliser\",\"acceptedAnswer\":{\"@type\":\"Answer\",\"text\":\"Problemer med at skre? For stor indsats med fliseskreren? Vi kan hjlpe dig!\"}}]}<\/script>\n\t\t\t\n\t\t<\/div>\n\n\t\t\t\t\t\t<\/div>\n\t\t\t\t<\/div>\n\t\t<div class=\"elementor-element elementor-element-a3d2f26 e-con-full e-flex e-con e-child\" data-id=\"a3d2f26\" data-element_type=\"container\" data-e-type=\"container\">\n\t\t\t\t<div class=\"elementor-element elementor-element-9211d81 elementor-widget elementor-widget-ld_button\" data-id=\"9211d81\" data-element_type=\"widget\" data-e-type=\"widget\" data-widget_type=\"ld_button.default\">\n\t\t\t\t<div class=\"elementor-widget-container\">\n\t\t\t\t\t\n\t\t\t<a\n\t\t\t\thref=\"\/da\/kontakt-os\/\"class=\"elementor-button btn btn-solid btn-icon-right btn-hover-reveal btn-has-label\"\t\t\t>\n\t\t\t\t\t\t\t\t\t<span data-text=\"Kontakt os\" class=\"btn-txt\">\n\t\t\t\t\t\tKontakt os\t\t\t\t\t<\/span>\n\t\t\t\t\t\t\t\t\t\t\t\t\t\t<span class=\"btn-icon\">\n\t\t\t\t\t\t\t<i aria-hidden=\"true\" class=\"lqd-icn-ess icon-md-arrow-round-forward\"><\/i>\t\t\t\t\t\t<\/span>\n\t\t\t\t\t\t\t\t\t<\/a>\n\t\t\t\t\t\t\t<\/div>\n\t\t\t\t<\/div>\n\t\t\t\t<\/div>\n\t\t\t\t<\/div>\n\t\t<div class=\"elementor-element elementor-element-1a247dd e-con-full e-flex e-con e-child\" data-id=\"1a247dd\" data-element_type=\"container\" data-e-type=\"container\">\n\t\t\t\t<div class=\"elementor-element elementor-element-346ac56 elementor-widget elementor-widget-ld_fancy_image\" data-id=\"346ac56\" data-element_type=\"widget\" data-e-type=\"widget\" data-widget_type=\"ld_fancy_image.default\">\n\t\t\t\t<div class=\"elementor-widget-container\">\n\t\t\t\t\t\n\t\t<div class=\"lqd-imggrp-single d-block pos-rel \">\n\t\t\t<div class=\"lqd-imggrp-img-container d-inline-flex pos-rel align-items-center justify-content-center \">\n\t\t\t\t\t\t\t\t<figure class=\"w-100 pos-rel\">\n\t\t\t\t\t<img fetchpriority=\"high\" decoding=\"async\" width=\"1200\" height=\"1077\" src=\"https:\/\/www.toft-marmorwelt.de\/wp-content\/uploads\/2024\/10\/toft_fliesen_schneiden.jpg\" class=\"attachment-full size-full wp-image-9090\" alt=\"\" srcset=\"https:\/\/www.toft-marmorwelt.de\/wp-content\/uploads\/2024\/10\/toft_fliesen_schneiden.jpg 1200w, https:\/\/www.toft-marmorwelt.de\/wp-content\/uploads\/2024\/10\/toft_fliesen_schneiden-300x269.jpg 300w, https:\/\/www.toft-marmorwelt.de\/wp-content\/uploads\/2024\/10\/toft_fliesen_schneiden-1024x919.jpg 1024w\" sizes=\"(max-width: 1200px) 100vw, 1200px\" itemprop=\"image\">\t\t\t\t\t<span class=\"lqd-overlay lqd-imggrp-overlay-bg\"><\/span>\t\t\t\t\t\t\t\t\t\t\t\t\t\t\t\t\t\t\t\t\t\t\t\t<\/figure>\n\t\t\t<\/div>\n\t\t<\/div>\n\n\t\t\t\t\t<\/div>\n\t\t\t\t<\/div>\n\t\t\t\t<\/div>\n\t\t\t\t\t<\/div>\n\t\t\t\t<\/div>\n\t\t<div class=\"elementor-element elementor-element-aed3564 e-con-full e-flex e-con e-parent\" data-id=\"aed3564\" data-element_type=\"container\" data-e-type=\"container\" data-settings=\"{&quot;background_background&quot;:&quot;classic&quot;}\">\n\t\t<div class=\"elementor-element elementor-element-d8e761d e-con-full e-flex e-con e-child\" data-id=\"d8e761d\" data-element_type=\"container\" data-e-type=\"container\">\n\t\t<div class=\"elementor-element elementor-element-ccb8837 e-con-full e-flex e-con e-child\" data-id=\"ccb8837\" data-element_type=\"container\" data-e-type=\"container\">\n\t\t\t\t<div class=\"elementor-element elementor-element-1680ba0 elementor-widget elementor-widget-hub_fancy_heading\" data-id=\"1680ba0\" data-element_type=\"widget\" data-e-type=\"widget\" data-widget_type=\"hub_fancy_heading.default\">\n\t\t\t\t<div class=\"elementor-widget-container\">\n\t\t\t\t\t\n\t\t<div id=\"ld-fancy-heading-69df3383d1d2e\" class=\"ld-fancy-heading pos-rel\">\n\t\t\t<h2 class=\"ld-fh-element d-inline-block pos-rel  elementor-heading-title lqd-highlight-classic lqd-highlight-grow-left h2\"  > Afsluttede projekter<\/h2>\t\t<\/div>\n\n\t\t\t\t\t\t<\/div>\n\t\t\t\t<\/div>\n\t\t\t\t<div class=\"elementor-element elementor-element-d0ce441 elementor-widget elementor-widget-hub_fancy_heading\" data-id=\"d0ce441\" data-element_type=\"widget\" data-e-type=\"widget\" data-widget_type=\"hub_fancy_heading.default\">\n\t\t\t\t<div class=\"elementor-widget-container\">\n\t\t\t\t\t\n\t\t<div id=\"ld-fancy-heading-69df3383d248c\" class=\"ld-fancy-heading pos-rel\">\n\t\t\t<p class=\"ld-fh-element d-inline-block pos-rel  lqd-highlight-classic lqd-highlight-grow-left p\"  > Her finder du afsluttede projekter fra Flensborg, Husum, Slesvig, Kappeln, Danmark og omegn. Herunder k\u00f8kkenbordplader, vindueskarme, fliser, natursten osv. <\/p>\t\t<\/div>\n\n\t\t\t\t\t\t<\/div>\n\t\t\t\t<\/div>\n\t\t<div class=\"elementor-element elementor-element-0483578 e-con-full e-flex e-con e-child\" data-id=\"0483578\" data-element_type=\"container\" data-e-type=\"container\">\n\t\t\t\t<div class=\"elementor-element elementor-element-f7aca44 elementor-widget elementor-widget-ld_button\" data-id=\"f7aca44\" data-element_type=\"widget\" data-e-type=\"widget\" data-widget_type=\"ld_button.default\">\n\t\t\t\t<div class=\"elementor-widget-container\">\n\t\t\t\t\t\n\t\t\t<a\n\t\t\t\thref=\"\/da\/projekter\/\"class=\"elementor-button btn btn-solid btn-icon-shaped btn-has-label\"\t\t\t>\n\t\t\t\t\t\t\t\t\t<span data-text=\"Alle projekter\" class=\"btn-txt\">\n\t\t\t\t\t\tAlle projekter\t\t\t\t\t<\/span>\n\t\t\t\t\t\t\t\t\t\t\t<\/a>\n\t\t\t\t\t\t\t<\/div>\n\t\t\t\t<\/div>\n\t\t\t\t<div class=\"elementor-element elementor-element-567f985 elementor-widget elementor-widget-ld_button\" data-id=\"567f985\" data-element_type=\"widget\" data-e-type=\"widget\" data-widget_type=\"ld_button.default\">\n\t\t\t\t<div class=\"elementor-widget-container\">\n\t\t\t\t\t\n\t\t\t<a\n\t\t\t\thref=\"\/da\/kontakt-os\/\"class=\"elementor-button btn btn-solid btn-icon-right btn-hover-reveal btn-has-label\"\t\t\t>\n\t\t\t\t\t\t\t\t\t<span data-text=\"Kontakt os\" class=\"btn-txt\">\n\t\t\t\t\t\tKontakt os\t\t\t\t\t<\/span>\n\t\t\t\t\t\t\t\t\t\t\t\t\t\t<span class=\"btn-icon\">\n\t\t\t\t\t\t\t<i aria-hidden=\"true\" class=\"lqd-icn-ess icon-md-arrow-round-forward\"><\/i>\t\t\t\t\t\t<\/span>\n\t\t\t\t\t\t\t\t\t<\/a>\n\t\t\t\t\t\t\t<\/div>\n\t\t\t\t<\/div>\n\t\t\t\t<\/div>\n\t\t\t\t<\/div>\n\t\t\t\t<\/div>\n\t\t<div class=\"elementor-element elementor-element-be3310f e-con-full e-flex e-con e-child\" data-id=\"be3310f\" data-element_type=\"container\" data-e-type=\"container\">\n\t\t\t\t<div class=\"elementor-element elementor-element-462bb79 elementor-widget elementor-widget-gallery\" data-id=\"462bb79\" data-element_type=\"widget\" data-e-type=\"widget\" data-settings=\"{&quot;columns&quot;:2,&quot;gap&quot;:{&quot;unit&quot;:&quot;px&quot;,&quot;size&quot;:0,&quot;sizes&quot;:[]},&quot;aspect_ratio&quot;:&quot;21:9&quot;,&quot;columns_laptop&quot;:2,&quot;columns_tablet_extra&quot;:2,&quot;gap_laptop&quot;:{&quot;unit&quot;:&quot;px&quot;,&quot;size&quot;:0,&quot;sizes&quot;:[]},&quot;gap_tablet_extra&quot;:{&quot;unit&quot;:&quot;px&quot;,&quot;size&quot;:0,&quot;sizes&quot;:[]},&quot;gap_tablet&quot;:{&quot;unit&quot;:&quot;px&quot;,&quot;size&quot;:0,&quot;sizes&quot;:[]},&quot;gap_mobile&quot;:{&quot;unit&quot;:&quot;px&quot;,&quot;size&quot;:0,&quot;sizes&quot;:[]},&quot;lazyload&quot;:&quot;yes&quot;,&quot;gallery_layout&quot;:&quot;grid&quot;,&quot;columns_tablet&quot;:2,&quot;columns_mobile&quot;:1,&quot;link_to&quot;:&quot;file&quot;,&quot;overlay_background&quot;:&quot;yes&quot;,&quot;content_hover_animation&quot;:&quot;fade-in&quot;}\" data-widget_type=\"gallery.default\">\n\t\t\t\t<div class=\"elementor-widget-container\">\n\t\t\t\t\t\t\t<div class=\"elementor-gallery__container\">\n\t\t\t\t\t\t\t<a class=\"e-gallery-item elementor-gallery-item elementor-animated-content\" href=\"https:\/\/www.toft-marmorwelt.de\/wp-content\/uploads\/2024\/10\/marmorfliesen_eingang_toft.jpg\" data-elementor-open-lightbox=\"yes\" data-elementor-lightbox-slideshow=\"462bb79\" data-elementor-lightbox-title=\"marmorfliesen_eingang_toft\" data-e-action-hash=\"#elementor-action%3Aaction%3Dlightbox%26settings%3DeyJpZCI6OTg3OCwidXJsIjoiaHR0cHM6XC9cL3d3dy50b2Z0LW1hcm1vcndlbHQuZGVcL3dwLWNvbnRlbnRcL3VwbG9hZHNcLzIwMjRcLzEwXC9tYXJtb3JmbGllc2VuX2VpbmdhbmdfdG9mdC5qcGciLCJzbGlkZXNob3ciOiI0NjJiYjc5In0%3D\">\n\t\t\t\t\t<div class=\"e-gallery-image elementor-gallery-item__image\" data-thumbnail=\"https:\/\/www.toft-marmorwelt.de\/wp-content\/uploads\/2024\/10\/marmorfliesen_eingang_toft-1024x576.jpg\" data-width=\"780\" data-height=\"439\" aria-label=\"\" role=\"img\" ><\/div>\n\t\t\t\t\t\t\t\t\t\t\t<div class=\"elementor-gallery-item__overlay\"><\/div>\n\t\t\t\t\t\t\t\t\t\t\t\t\t\t<\/a>\n\t\t\t\t\t\t\t<a class=\"e-gallery-item elementor-gallery-item elementor-animated-content\" href=\"https:\/\/www.toft-marmorwelt.de\/wp-content\/uploads\/2024\/10\/arbeitsplatten_schwarz_toft.jpg\" data-elementor-open-lightbox=\"yes\" data-elementor-lightbox-slideshow=\"462bb79\" data-elementor-lightbox-title=\"arbeitsplatten_schwarz_toft\" data-e-action-hash=\"#elementor-action%3Aaction%3Dlightbox%26settings%3DeyJpZCI6OTg4MSwidXJsIjoiaHR0cHM6XC9cL3d3dy50b2Z0LW1hcm1vcndlbHQuZGVcL3dwLWNvbnRlbnRcL3VwbG9hZHNcLzIwMjRcLzEwXC9hcmJlaXRzcGxhdHRlbl9zY2h3YXJ6X3RvZnQuanBnIiwic2xpZGVzaG93IjoiNDYyYmI3OSJ9\">\n\t\t\t\t\t<div class=\"e-gallery-image elementor-gallery-item__image\" data-thumbnail=\"https:\/\/www.toft-marmorwelt.de\/wp-content\/uploads\/2024\/10\/arbeitsplatten_schwarz_toft-1024x576.jpg\" data-width=\"780\" data-height=\"439\" aria-label=\"\" role=\"img\" ><\/div>\n\t\t\t\t\t\t\t\t\t\t\t<div class=\"elementor-gallery-item__overlay\"><\/div>\n\t\t\t\t\t\t\t\t\t\t\t\t\t\t<\/a>\n\t\t\t\t\t\t\t<a class=\"e-gallery-item elementor-gallery-item elementor-animated-content\" href=\"https:\/\/www.toft-marmorwelt.de\/wp-content\/uploads\/2024\/10\/arbeitsplatten_kueche_toft.jpg\" data-elementor-open-lightbox=\"yes\" data-elementor-lightbox-slideshow=\"462bb79\" data-elementor-lightbox-title=\"arbeitsplatten_kueche_toft\" data-e-action-hash=\"#elementor-action%3Aaction%3Dlightbox%26settings%3DeyJpZCI6OTg4MCwidXJsIjoiaHR0cHM6XC9cL3d3dy50b2Z0LW1hcm1vcndlbHQuZGVcL3dwLWNvbnRlbnRcL3VwbG9hZHNcLzIwMjRcLzEwXC9hcmJlaXRzcGxhdHRlbl9rdWVjaGVfdG9mdC5qcGciLCJzbGlkZXNob3ciOiI0NjJiYjc5In0%3D\">\n\t\t\t\t\t<div class=\"e-gallery-image elementor-gallery-item__image\" data-thumbnail=\"https:\/\/www.toft-marmorwelt.de\/wp-content\/uploads\/2024\/10\/arbeitsplatten_kueche_toft-1024x576.jpg\" data-width=\"780\" data-height=\"439\" aria-label=\"\" role=\"img\" ><\/div>\n\t\t\t\t\t\t\t\t\t\t\t<div class=\"elementor-gallery-item__overlay\"><\/div>\n\t\t\t\t\t\t\t\t\t\t\t\t\t\t<\/a>\n\t\t\t\t\t\t\t<a class=\"e-gallery-item elementor-gallery-item elementor-animated-content\" href=\"https:\/\/www.toft-marmorwelt.de\/wp-content\/uploads\/2024\/10\/badezimmer_marmor_toft.jpg\" data-elementor-open-lightbox=\"yes\" data-elementor-lightbox-slideshow=\"462bb79\" data-elementor-lightbox-title=\"badezimmer_marmor_toft\" data-e-action-hash=\"#elementor-action%3Aaction%3Dlightbox%26settings%3DeyJpZCI6OTg4MiwidXJsIjoiaHR0cHM6XC9cL3d3dy50b2Z0LW1hcm1vcndlbHQuZGVcL3dwLWNvbnRlbnRcL3VwbG9hZHNcLzIwMjRcLzEwXC9iYWRlemltbWVyX21hcm1vcl90b2Z0LmpwZyIsInNsaWRlc2hvdyI6IjQ2MmJiNzkifQ%3D%3D\">\n\t\t\t\t\t<div class=\"e-gallery-image elementor-gallery-item__image\" data-thumbnail=\"https:\/\/www.toft-marmorwelt.de\/wp-content\/uploads\/2024\/10\/badezimmer_marmor_toft-1024x576.jpg\" data-width=\"780\" data-height=\"439\" aria-label=\"\" role=\"img\" ><\/div>\n\t\t\t\t\t\t\t\t\t\t\t<div class=\"elementor-gallery-item__overlay\"><\/div>\n\t\t\t\t\t\t\t\t\t\t\t\t\t\t<\/a>\n\t\t\t\t\t<\/div>\n\t\t\t\t\t<\/div>\n\t\t\t\t<\/div>\n\t\t\t\t<\/div>\n\t\t\t\t<\/div>\n\t\t\t\t<\/div>\n\t\t","protected":false},"excerpt":{"rendered":"<p>Home Besk\u00e6r og forst\u00f8r Forst\u00f8rre udsk\u00e6ringer og sk\u00e6re paneler til Med den nyeste CNC-teknologi og den n\u00f8dvendige ekspertise kan vi sk\u00e6re dine fliser, fodpaneler eller bordplader p\u00e5 m\u00e5l. Kantsten, gr\u00e6spl\u00e6nekanter og bel\u00e6gningssten er ogs\u00e5 muligt. Sk\u00e6ring af fodpaneler Vi sk\u00e6rer gerne fodpaneler ud af fliser (ogs\u00e5 fra andre producenter) og affaser den \u00f8verste kant!Hvem monterer [&hellip;]<\/p>\n","protected":false},"author":1,"featured_media":0,"parent":10477,"menu_order":0,"comment_status":"closed","ping_status":"closed","template":"","meta":{"footnotes":""},"class_list":["post-10462","page","type-page","status-publish","hentry"],"_links":{"self":[{"href":"https:\/\/www.toft-marmorwelt.de\/da\/wp-json\/wp\/v2\/pages\/10462","targetHints":{"allow":["GET"]}}],"collection":[{"href":"https:\/\/www.toft-marmorwelt.de\/da\/wp-json\/wp\/v2\/pages"}],"about":[{"href":"https:\/\/www.toft-marmorwelt.de\/da\/wp-json\/wp\/v2\/types\/page"}],"author":[{"embeddable":true,"href":"https:\/\/www.toft-marmorwelt.de\/da\/wp-json\/wp\/v2\/users\/1"}],"replies":[{"embeddable":true,"href":"https:\/\/www.toft-marmorwelt.de\/da\/wp-json\/wp\/v2\/comments?post=10462"}],"version-history":[{"count":10,"href":"https:\/\/www.toft-marmorwelt.de\/da\/wp-json\/wp\/v2\/pages\/10462\/revisions"}],"predecessor-version":[{"id":10670,"href":"https:\/\/www.toft-marmorwelt.de\/da\/wp-json\/wp\/v2\/pages\/10462\/revisions\/10670"}],"up":[{"embeddable":true,"href":"https:\/\/www.toft-marmorwelt.de\/da\/wp-json\/wp\/v2\/pages\/10477"}],"wp:attachment":[{"href":"https:\/\/www.toft-marmorwelt.de\/da\/wp-json\/wp\/v2\/media?parent=10462"}],"curies":[{"name":"wp","href":"https:\/\/api.w.org\/{rel}","templated":true}]}}