{"id":10505,"date":"2024-10-16T14:31:22","date_gmt":"2024-10-16T14:31:22","guid":{"rendered":"https:\/\/www.toft-marmorwelt.de\/om-os\/"},"modified":"2024-11-11T19:34:44","modified_gmt":"2024-11-11T19:34:44","slug":"om-os","status":"publish","type":"page","link":"https:\/\/www.toft-marmorwelt.de\/da\/om-os\/","title":{"rendered":"Om os"},"content":{"rendered":"\t\t<div data-elementor-type=\"wp-page\" data-elementor-id=\"10505\" class=\"elementor elementor-10505 elementor-8523\" data-elementor-post-type=\"page\">\n\t\t\t\t<div class=\"elementor-element elementor-element-737035e e-flex e-con-boxed e-con e-parent\" data-id=\"737035e\" data-element_type=\"container\" data-e-type=\"container\" data-settings=\"{&quot;background_background&quot;:&quot;classic&quot;}\">\n\t\t\t\t\t<div class=\"e-con-inner\">\n\t\t<div class=\"elementor-element elementor-element-9d153f8 e-con-full e-flex e-con e-child\" data-id=\"9d153f8\" data-element_type=\"container\" data-e-type=\"container\" data-settings=\"{&quot;background_background&quot;:&quot;classic&quot;}\">\n\t\t\t\t<div class=\"elementor-element elementor-element-8340742 elementor-widget elementor-widget-ld_breadcrumb\" data-id=\"8340742\" data-element_type=\"widget\" data-e-type=\"widget\" data-widget_type=\"ld_breadcrumb.default\">\n\t\t\t\t<div class=\"elementor-widget-container\">\n\t\t\t\t\t<div class=\"lqd-breadcrumb-wrapper\"><nav role=\"navigation\" aria-label=\"Breadcrumbs\" class=\"breadcrumbs\"><ol class=\"breadcrumb reset-ul inline-nav inline-ul comma-sep-li\"><li class=\"breadcrumb-item active\"><a href=\"https:\/\/www.toft-marmorwelt.de\/da\/\" rel=\"home\"><span>Home<\/span><\/a><\/li><\/ol><\/nav><\/div>\t\t\t\t<\/div>\n\t\t\t\t<\/div>\n\t\t\t\t<div class=\"elementor-element elementor-element-fe0f030 elementor-widget elementor-widget-heading\" data-id=\"fe0f030\" data-element_type=\"widget\" data-e-type=\"widget\" data-widget_type=\"heading.default\">\n\t\t\t\t<div class=\"elementor-widget-container\">\n\t\t\t\t\t<h1 class=\"elementor-heading-title elementor-size-default\">Om os<\/h1>\t\t\t\t<\/div>\n\t\t\t\t<\/div>\n\t\t\t\t<\/div>\n\t\t\t\t\t<\/div>\n\t\t\t\t<\/div>\n\t\t<div class=\"elementor-element elementor-element-69f6561 e-flex e-con-boxed e-con e-parent\" data-id=\"69f6561\" data-element_type=\"container\" data-e-type=\"container\" data-settings=\"{&quot;background_background&quot;:&quot;classic&quot;}\">\n\t\t\t\t\t<div class=\"e-con-inner\">\n\t\t<div class=\"elementor-element elementor-element-def12e2 e-con-full e-flex e-con e-child\" data-id=\"def12e2\" data-element_type=\"container\" data-e-type=\"container\">\n\t\t\t\t<div class=\"elementor-element elementor-element-22995b2 elementor-widget elementor-widget-hub_fancy_heading\" data-id=\"22995b2\" data-element_type=\"widget\" data-e-type=\"widget\" data-widget_type=\"hub_fancy_heading.default\">\n\t\t\t\t<div class=\"elementor-widget-container\">\n\t\t\t\t\t\n\t\t<div id=\"ld-fancy-heading-69d2600dea4bd\" class=\"ld-fancy-heading pos-rel\">\n\t\t\t<h2 class=\"ld-fh-element d-inline-block pos-rel  elementor-heading-title lqd-highlight-classic lqd-highlight-grow-left h2\"  > Vores virksomheds historie<\/h2>\t\t<\/div>\n\n\t\t\t\t\t\t<\/div>\n\t\t\t\t<\/div>\n\t\t\t\t<div class=\"elementor-element elementor-element-794aaf0 elementor-widget elementor-widget-hub_fancy_heading\" data-id=\"794aaf0\" data-element_type=\"widget\" data-e-type=\"widget\" data-widget_type=\"hub_fancy_heading.default\">\n\t\t\t\t<div class=\"elementor-widget-container\">\n\t\t\t\t\t\n\t\t<div id=\"ld-fancy-heading-69d2600dead7a\" class=\"ld-fancy-heading pos-rel\">\n\t\t\t<div class=\"ld-fh-element d-inline-block pos-rel  lqd-highlight-classic lqd-highlight-grow-left div\"  > <p>Toft Tiles &amp; Marble World blev grundlagt i 1967 af Richard Toft. Virksomheden er en familievirksomhed og ledes nu af David Richard Toft, som er tredje generation efter Michael Toft. \n<\/p>\n\n<p>Det hele startede \"i garagen\" hos flisemurermester Richard Toft, dengang i Wees. Derfra blev der sk\u00e5ret og lagt fliser og plader i lille skala. Da garagen blev for lille, og der blev \u00e5bnet et nyt udviklingsomr\u00e5de i Gl\u00fccksburg, Gildestra\u00dfe, benyttede Richard Toft lejligheden til at skabe sig et navn og begyndte at sk\u00e6re plader og vindueskarme og l\u00e6gge fliser i st\u00f8rre skala.    <\/p>\n\n\n<p>Hans s\u00f8n, Michael Toft, kom tidligt ind i familievirksomheden og blev uddannet som flisel\u00e6gger samtidig med, at han arbejdede - produktsortimentet omfattede nu ikke kun vindueskarme og fliser, men ogs\u00e5 k\u00f8kkenbordplader og skr\u00e6ddersyede plader. Den konstante modernisering af maskinerne strakte sig fra en CNC-bearbejdningsmaskine fra Intermac til en 5-akset brosav fra Thibaut i 2019.   <\/p>\n\n\n<p>I 2016 begyndte det tredje familiemedlem, David Richard Toft, at arbejde p\u00e5 granitfabrikken og overtog virksomheden i 2020.<\/p>\n\n\n<p>Vi \u00f8nsker at tilbyde vores kunder den bedst mulige kvalitet til den bedst mulige pris. Takket v\u00e6re vores familiedrevne virksomhed er vi i stand til at tilbyde vores kunder et produkt af h\u00f8j kvalitet til en fair pris. Det giver vores kunder mulighed for at koncentrere sig om det v\u00e6sentlige, nemlig deres slutprodukt, og slappe af.  <\/p>\n<\/div>\t\t<\/div>\n\n\t\t\t\t\t\t<\/div>\n\t\t\t\t<\/div>\n\t\t\t\t<\/div>\n\t\t<div class=\"elementor-element elementor-element-958c79d e-con-full e-flex e-con e-child\" data-id=\"958c79d\" data-element_type=\"container\" data-e-type=\"container\">\n\t\t\t\t<div class=\"elementor-element elementor-element-4644e62 elementor-widget elementor-widget-ld_fancy_image\" data-id=\"4644e62\" data-element_type=\"widget\" data-e-type=\"widget\" data-widget_type=\"ld_fancy_image.default\">\n\t\t\t\t<div class=\"elementor-widget-container\">\n\t\t\t\t\t\n\t\t<div class=\"lqd-imggrp-single d-block pos-rel \">\n\t\t\t<div class=\"lqd-imggrp-img-container d-inline-flex pos-rel align-items-center justify-content-center \">\n\t\t\t\t\t\t\t\t<figure class=\"w-100 pos-rel\">\n\t\t\t\t\t<img fetchpriority=\"high\" decoding=\"async\" width=\"1200\" height=\"800\" src=\"https:\/\/www.toft-marmorwelt.de\/wp-content\/uploads\/2024\/10\/standort_toft_fliesen_marmorwelt.jpg\" class=\"attachment-full size-full wp-image-8402\" alt=\"\" srcset=\"https:\/\/www.toft-marmorwelt.de\/wp-content\/uploads\/2024\/10\/standort_toft_fliesen_marmorwelt.jpg 1200w, https:\/\/www.toft-marmorwelt.de\/wp-content\/uploads\/2024\/10\/standort_toft_fliesen_marmorwelt-300x200.jpg 300w, https:\/\/www.toft-marmorwelt.de\/wp-content\/uploads\/2024\/10\/standort_toft_fliesen_marmorwelt-1024x683.jpg 1024w, https:\/\/www.toft-marmorwelt.de\/wp-content\/uploads\/2024\/10\/standort_toft_fliesen_marmorwelt-720x480.jpg 720w\" sizes=\"(max-width: 1200px) 100vw, 1200px\" itemprop=\"image\">\t\t\t\t\t<span class=\"lqd-overlay lqd-imggrp-overlay-bg\"><\/span>\t\t\t\t\t\t\t\t\t\t\t\t\t\t\t\t\t\t\t\t\t\t\t\t<\/figure>\n\t\t\t<\/div>\n\t\t<\/div>\n\n\t\t\t\t\t<\/div>\n\t\t\t\t<\/div>\n\t\t\t\t<div class=\"elementor-element elementor-element-256cd34 elementor-widget elementor-widget-ld_fancy_image\" data-id=\"256cd34\" data-element_type=\"widget\" data-e-type=\"widget\" data-widget_type=\"ld_fancy_image.default\">\n\t\t\t\t<div class=\"elementor-widget-container\">\n\t\t\t\t\t\n\t\t<div class=\"lqd-imggrp-single d-block pos-rel \">\n\t\t\t<div class=\"lqd-imggrp-img-container d-inline-flex pos-rel align-items-center justify-content-center \">\n\t\t\t\t\t\t\t\t<figure class=\"w-100 pos-rel\">\n\t\t\t\t\t<img decoding=\"async\" width=\"1200\" height=\"800\" src=\"data:image\/svg+xml;charset=utf-8,%3Csvg xmlns%3D&#039;http%3A%2F%2Fwww.w3.org%2F2000%2Fsvg&#039; viewBox%3D&#039;0 0 1200 800&#039;%2F%3E\" class=\"attachment-full size-full wp-image-8395 ld-lazyload\" alt=\"\" itemprop=\"image\" data-src=\"https:\/\/www.toft-marmorwelt.de\/wp-content\/uploads\/2024\/10\/halle_frueher_toft_fliesen_marmorwelt.jpg\" data-srcset=\"https:\/\/www.toft-marmorwelt.de\/wp-content\/uploads\/2024\/10\/halle_frueher_toft_fliesen_marmorwelt.jpg 1200w, https:\/\/www.toft-marmorwelt.de\/wp-content\/uploads\/2024\/10\/halle_frueher_toft_fliesen_marmorwelt-300x200.jpg 300w, https:\/\/www.toft-marmorwelt.de\/wp-content\/uploads\/2024\/10\/halle_frueher_toft_fliesen_marmorwelt-1024x683.jpg 1024w, https:\/\/www.toft-marmorwelt.de\/wp-content\/uploads\/2024\/10\/halle_frueher_toft_fliesen_marmorwelt-720x480.jpg 720w\" data-sizes=\"(max-width: 1200px) 100vw, 1200px\" data-aspect=\"1.5\">\t\t\t\t\t<span class=\"lqd-overlay lqd-imggrp-overlay-bg\"><\/span>\t\t\t\t\t\t\t\t\t\t\t\t\t\t\t\t\t\t\t\t\t\t\t\t<\/figure>\n\t\t\t<\/div>\n\t\t<\/div>\n\n\t\t\t\t\t<\/div>\n\t\t\t\t<\/div>\n\t\t\t\t<\/div>\n\t\t\t\t\t<\/div>\n\t\t\t\t<\/div>\n\t\t<div class=\"elementor-element elementor-element-aed3564 e-con-full e-flex e-con e-parent\" data-id=\"aed3564\" data-element_type=\"container\" data-e-type=\"container\" data-settings=\"{&quot;background_background&quot;:&quot;classic&quot;}\">\n\t\t<div class=\"elementor-element elementor-element-d8e761d e-con-full e-flex e-con e-child\" data-id=\"d8e761d\" data-element_type=\"container\" data-e-type=\"container\">\n\t\t<div class=\"elementor-element elementor-element-ccb8837 e-con-full e-flex e-con e-child\" data-id=\"ccb8837\" data-element_type=\"container\" data-e-type=\"container\">\n\t\t\t\t<div class=\"elementor-element elementor-element-1680ba0 elementor-widget elementor-widget-hub_fancy_heading\" data-id=\"1680ba0\" data-element_type=\"widget\" data-e-type=\"widget\" data-widget_type=\"hub_fancy_heading.default\">\n\t\t\t\t<div class=\"elementor-widget-container\">\n\t\t\t\t\t\n\t\t<div id=\"ld-fancy-heading-69d2600e03592\" class=\"ld-fancy-heading pos-rel\">\n\t\t\t<h2 class=\"ld-fh-element d-inline-block pos-rel  elementor-heading-title lqd-highlight-classic lqd-highlight-grow-left h2\"  > Afsluttede projekter<\/h2>\t\t<\/div>\n\n\t\t\t\t\t\t<\/div>\n\t\t\t\t<\/div>\n\t\t\t\t<div class=\"elementor-element elementor-element-d0ce441 elementor-widget elementor-widget-hub_fancy_heading\" data-id=\"d0ce441\" data-element_type=\"widget\" data-e-type=\"widget\" data-widget_type=\"hub_fancy_heading.default\">\n\t\t\t\t<div class=\"elementor-widget-container\">\n\t\t\t\t\t\n\t\t<div id=\"ld-fancy-heading-69d2600e03cf1\" class=\"ld-fancy-heading pos-rel\">\n\t\t\t<p class=\"ld-fh-element d-inline-block pos-rel  lqd-highlight-classic lqd-highlight-grow-left p\"  > \n\n\nHer finder du afsluttede projekter fra Flensborg, Husum, Slesvig, Kappeln, Danmark og omegn. Herunder k\u00f8kkenbordplader, vindueskarme, fliser, natursten m.m.<\/p>\t\t<\/div>\n\n\t\t\t\t\t\t<\/div>\n\t\t\t\t<\/div>\n\t\t<div class=\"elementor-element elementor-element-0483578 e-con-full e-flex e-con e-child\" data-id=\"0483578\" data-element_type=\"container\" data-e-type=\"container\">\n\t\t\t\t<div class=\"elementor-element elementor-element-f7aca44 elementor-widget elementor-widget-ld_button\" data-id=\"f7aca44\" data-element_type=\"widget\" data-e-type=\"widget\" data-widget_type=\"ld_button.default\">\n\t\t\t\t<div class=\"elementor-widget-container\">\n\t\t\t\t\t\n\t\t\t<a\n\t\t\t\thref=\"\/da\/projekter\/\"class=\"elementor-button btn btn-solid btn-icon-shaped btn-has-label\"\t\t\t>\n\t\t\t\t\t\t\t\t\t<span data-text=\"Alle projekter\" class=\"btn-txt\">\n\t\t\t\t\t\tAlle projekter\t\t\t\t\t<\/span>\n\t\t\t\t\t\t\t\t\t\t\t<\/a>\n\t\t\t\t\t\t\t<\/div>\n\t\t\t\t<\/div>\n\t\t\t\t<div class=\"elementor-element elementor-element-36e0d38 elementor-widget elementor-widget-ld_button\" data-id=\"36e0d38\" data-element_type=\"widget\" data-e-type=\"widget\" data-widget_type=\"ld_button.default\">\n\t\t\t\t<div class=\"elementor-widget-container\">\n\t\t\t\t\t\n\t\t\t<a\n\t\t\t\thref=\"\/da\/kontakt-os\/\"class=\"elementor-button btn btn-solid btn-icon-shaped btn-has-label\"\t\t\t>\n\t\t\t\t\t\t\t\t\t<span data-text=\"Kontakt os\" class=\"btn-txt\">\n\t\t\t\t\t\tKontakt os\t\t\t\t\t<\/span>\n\t\t\t\t\t\t\t\t\t\t\t<\/a>\n\t\t\t\t\t\t\t<\/div>\n\t\t\t\t<\/div>\n\t\t\t\t<\/div>\n\t\t\t\t<\/div>\n\t\t\t\t<\/div>\n\t\t<div class=\"elementor-element elementor-element-be3310f e-con-full e-flex e-con e-child\" data-id=\"be3310f\" data-element_type=\"container\" data-e-type=\"container\">\n\t\t\t\t<div class=\"elementor-element elementor-element-462bb79 elementor-widget elementor-widget-gallery\" data-id=\"462bb79\" data-element_type=\"widget\" data-e-type=\"widget\" data-settings=\"{&quot;columns&quot;:2,&quot;gap&quot;:{&quot;unit&quot;:&quot;px&quot;,&quot;size&quot;:0,&quot;sizes&quot;:[]},&quot;aspect_ratio&quot;:&quot;21:9&quot;,&quot;columns_laptop&quot;:2,&quot;columns_tablet_extra&quot;:2,&quot;gap_laptop&quot;:{&quot;unit&quot;:&quot;px&quot;,&quot;size&quot;:0,&quot;sizes&quot;:[]},&quot;gap_tablet_extra&quot;:{&quot;unit&quot;:&quot;px&quot;,&quot;size&quot;:0,&quot;sizes&quot;:[]},&quot;gap_tablet&quot;:{&quot;unit&quot;:&quot;px&quot;,&quot;size&quot;:0,&quot;sizes&quot;:[]},&quot;gap_mobile&quot;:{&quot;unit&quot;:&quot;px&quot;,&quot;size&quot;:0,&quot;sizes&quot;:[]},&quot;lazyload&quot;:&quot;yes&quot;,&quot;gallery_layout&quot;:&quot;grid&quot;,&quot;columns_tablet&quot;:2,&quot;columns_mobile&quot;:1,&quot;link_to&quot;:&quot;file&quot;,&quot;overlay_background&quot;:&quot;yes&quot;,&quot;content_hover_animation&quot;:&quot;fade-in&quot;}\" data-widget_type=\"gallery.default\">\n\t\t\t\t<div class=\"elementor-widget-container\">\n\t\t\t\t\t\t\t<div class=\"elementor-gallery__container\">\n\t\t\t\t\t\t\t<a class=\"e-gallery-item elementor-gallery-item elementor-animated-content\" href=\"https:\/\/www.toft-marmorwelt.de\/wp-content\/uploads\/2024\/10\/marmorfliesen_eingang_toft.jpg\" data-elementor-open-lightbox=\"yes\" data-elementor-lightbox-slideshow=\"462bb79\" data-elementor-lightbox-title=\"marmorfliesen_eingang_toft\" data-e-action-hash=\"#elementor-action%3Aaction%3Dlightbox%26settings%3DeyJpZCI6OTg3OCwidXJsIjoiaHR0cHM6XC9cL3d3dy50b2Z0LW1hcm1vcndlbHQuZGVcL3dwLWNvbnRlbnRcL3VwbG9hZHNcLzIwMjRcLzEwXC9tYXJtb3JmbGllc2VuX2VpbmdhbmdfdG9mdC5qcGciLCJzbGlkZXNob3ciOiI0NjJiYjc5In0%3D\">\n\t\t\t\t\t<div class=\"e-gallery-image elementor-gallery-item__image\" data-thumbnail=\"https:\/\/www.toft-marmorwelt.de\/wp-content\/uploads\/2024\/10\/marmorfliesen_eingang_toft-1024x576.jpg\" data-width=\"780\" data-height=\"439\" aria-label=\"\" role=\"img\" ><\/div>\n\t\t\t\t\t\t\t\t\t\t\t<div class=\"elementor-gallery-item__overlay\"><\/div>\n\t\t\t\t\t\t\t\t\t\t\t\t\t\t<\/a>\n\t\t\t\t\t\t\t<a class=\"e-gallery-item elementor-gallery-item elementor-animated-content\" href=\"https:\/\/www.toft-marmorwelt.de\/wp-content\/uploads\/2024\/10\/badezimmer_marmor_toft.jpg\" data-elementor-open-lightbox=\"yes\" data-elementor-lightbox-slideshow=\"462bb79\" data-elementor-lightbox-title=\"badezimmer_marmor_toft\" data-e-action-hash=\"#elementor-action%3Aaction%3Dlightbox%26settings%3DeyJpZCI6OTg4MiwidXJsIjoiaHR0cHM6XC9cL3d3dy50b2Z0LW1hcm1vcndlbHQuZGVcL3dwLWNvbnRlbnRcL3VwbG9hZHNcLzIwMjRcLzEwXC9iYWRlemltbWVyX21hcm1vcl90b2Z0LmpwZyIsInNsaWRlc2hvdyI6IjQ2MmJiNzkifQ%3D%3D\">\n\t\t\t\t\t<div class=\"e-gallery-image elementor-gallery-item__image\" data-thumbnail=\"https:\/\/www.toft-marmorwelt.de\/wp-content\/uploads\/2024\/10\/badezimmer_marmor_toft-1024x576.jpg\" data-width=\"780\" data-height=\"439\" aria-label=\"\" role=\"img\" ><\/div>\n\t\t\t\t\t\t\t\t\t\t\t<div class=\"elementor-gallery-item__overlay\"><\/div>\n\t\t\t\t\t\t\t\t\t\t\t\t\t\t<\/a>\n\t\t\t\t\t\t\t<a class=\"e-gallery-item elementor-gallery-item elementor-animated-content\" href=\"https:\/\/www.toft-marmorwelt.de\/wp-content\/uploads\/2024\/10\/arbeitsplatten_schwarz_toft.jpg\" data-elementor-open-lightbox=\"yes\" data-elementor-lightbox-slideshow=\"462bb79\" data-elementor-lightbox-title=\"arbeitsplatten_schwarz_toft\" data-e-action-hash=\"#elementor-action%3Aaction%3Dlightbox%26settings%3DeyJpZCI6OTg4MSwidXJsIjoiaHR0cHM6XC9cL3d3dy50b2Z0LW1hcm1vcndlbHQuZGVcL3dwLWNvbnRlbnRcL3VwbG9hZHNcLzIwMjRcLzEwXC9hcmJlaXRzcGxhdHRlbl9zY2h3YXJ6X3RvZnQuanBnIiwic2xpZGVzaG93IjoiNDYyYmI3OSJ9\">\n\t\t\t\t\t<div class=\"e-gallery-image elementor-gallery-item__image\" data-thumbnail=\"https:\/\/www.toft-marmorwelt.de\/wp-content\/uploads\/2024\/10\/arbeitsplatten_schwarz_toft-1024x576.jpg\" data-width=\"780\" data-height=\"439\" aria-label=\"\" role=\"img\" ><\/div>\n\t\t\t\t\t\t\t\t\t\t\t<div class=\"elementor-gallery-item__overlay\"><\/div>\n\t\t\t\t\t\t\t\t\t\t\t\t\t\t<\/a>\n\t\t\t\t\t\t\t<a class=\"e-gallery-item elementor-gallery-item elementor-animated-content\" href=\"https:\/\/www.toft-marmorwelt.de\/wp-content\/uploads\/2024\/10\/arbeitsplatten_kueche_toft.jpg\" data-elementor-open-lightbox=\"yes\" data-elementor-lightbox-slideshow=\"462bb79\" data-elementor-lightbox-title=\"arbeitsplatten_kueche_toft\" data-e-action-hash=\"#elementor-action%3Aaction%3Dlightbox%26settings%3DeyJpZCI6OTg4MCwidXJsIjoiaHR0cHM6XC9cL3d3dy50b2Z0LW1hcm1vcndlbHQuZGVcL3dwLWNvbnRlbnRcL3VwbG9hZHNcLzIwMjRcLzEwXC9hcmJlaXRzcGxhdHRlbl9rdWVjaGVfdG9mdC5qcGciLCJzbGlkZXNob3ciOiI0NjJiYjc5In0%3D\">\n\t\t\t\t\t<div class=\"e-gallery-image elementor-gallery-item__image\" data-thumbnail=\"https:\/\/www.toft-marmorwelt.de\/wp-content\/uploads\/2024\/10\/arbeitsplatten_kueche_toft-1024x576.jpg\" data-width=\"780\" data-height=\"439\" aria-label=\"\" role=\"img\" ><\/div>\n\t\t\t\t\t\t\t\t\t\t\t<div class=\"elementor-gallery-item__overlay\"><\/div>\n\t\t\t\t\t\t\t\t\t\t\t\t\t\t<\/a>\n\t\t\t\t\t<\/div>\n\t\t\t\t\t<\/div>\n\t\t\t\t<\/div>\n\t\t\t\t<\/div>\n\t\t\t\t<\/div>\n\t\t\t\t<\/div>\n\t\t","protected":false},"excerpt":{"rendered":"<p>Home Om os Vores virksomheds historie Toft Tiles &amp; Marble World blev grundlagt i 1967 af Richard Toft. Virksomheden er en familievirksomhed og ledes nu af David Richard Toft, som er tredje generation efter Michael Toft. Det hele startede &#8220;i garagen&#8221; hos flisemurermester Richard Toft, dengang i Wees. Derfra blev der sk\u00e5ret og lagt fliser [&hellip;]<\/p>\n","protected":false},"author":1,"featured_media":0,"parent":0,"menu_order":0,"comment_status":"closed","ping_status":"closed","template":"","meta":{"footnotes":""},"class_list":["post-10505","page","type-page","status-publish","hentry"],"_links":{"self":[{"href":"https:\/\/www.toft-marmorwelt.de\/da\/wp-json\/wp\/v2\/pages\/10505","targetHints":{"allow":["GET"]}}],"collection":[{"href":"https:\/\/www.toft-marmorwelt.de\/da\/wp-json\/wp\/v2\/pages"}],"about":[{"href":"https:\/\/www.toft-marmorwelt.de\/da\/wp-json\/wp\/v2\/types\/page"}],"author":[{"embeddable":true,"href":"https:\/\/www.toft-marmorwelt.de\/da\/wp-json\/wp\/v2\/users\/1"}],"replies":[{"embeddable":true,"href":"https:\/\/www.toft-marmorwelt.de\/da\/wp-json\/wp\/v2\/comments?post=10505"}],"version-history":[{"count":5,"href":"https:\/\/www.toft-marmorwelt.de\/da\/wp-json\/wp\/v2\/pages\/10505\/revisions"}],"predecessor-version":[{"id":10723,"href":"https:\/\/www.toft-marmorwelt.de\/da\/wp-json\/wp\/v2\/pages\/10505\/revisions\/10723"}],"wp:attachment":[{"href":"https:\/\/www.toft-marmorwelt.de\/da\/wp-json\/wp\/v2\/media?parent=10505"}],"curies":[{"name":"wp","href":"https:\/\/api.w.org\/{rel}","templated":true}]}}